{"id":625,"date":"2025-05-19T20:56:48","date_gmt":"2025-05-19T20:56:48","guid":{"rendered":"https:\/\/lareal785.cl\/?page_id=625"},"modified":"2025-05-30T20:01:01","modified_gmt":"2025-05-30T20:01:01","slug":"nuestra-historia","status":"publish","type":"page","link":"https:\/\/lareal785.cl\/index.php\/nuestra-historia\/","title":{"rendered":"Nuestra Historia"},"content":{"rendered":"\t\t<div data-elementor-type=\"wp-page\" data-elementor-id=\"625\" class=\"elementor elementor-625\">\n\t\t\t\t<div class=\"elementor-element elementor-element-20ff296 e-flex e-con-boxed e-con e-parent\" data-id=\"20ff296\" data-element_type=\"container\">\n\t\t\t\t\t<div class=\"e-con-inner\">\n\t\t\t\t<div class=\"elementor-element elementor-element-7125e5c elementor-widget elementor-widget-writing-effect-headline\" data-id=\"7125e5c\" data-element_type=\"widget\" data-widget_type=\"writing-effect-headline.default\">\n\t\t\t\t<div class=\"elementor-widget-container\">\n\t\t\t\t\t        <h3 class=\"futurio-extra-written-headline\" data-speed=\"71\" data-delay=\"1000\" data-loop=\"1\">\r\n                    <span class=\"before-written\">Nuestra Historia<\/span>\r\n        \r\n        \r\n                <\/h3>\r\n        \t\t\t\t<\/div>\n\t\t\t\t<\/div>\n\t\t\t\t\t<\/div>\n\t\t\t\t<\/div>\n\t\t<div class=\"elementor-element elementor-element-527a7b9 e-flex e-con-boxed e-con e-parent\" data-id=\"527a7b9\" data-element_type=\"container\" data-settings=\"{&quot;shape_divider_bottom&quot;:&quot;wave-brush&quot;}\">\n\t\t\t\t\t<div class=\"e-con-inner\">\n\t\t\t\t<div class=\"elementor-shape elementor-shape-bottom\" aria-hidden=\"true\" data-negative=\"false\">\n\t\t\t<svg xmlns=\"http:\/\/www.w3.org\/2000\/svg\" viewBox=\"0 0 283.5 27.8\" preserveAspectRatio=\"none\">\n\t<path class=\"elementor-shape-fill\" d=\"M283.5,9.7c0,0-7.3,4.3-14,4.6c-6.8,0.3-12.6,0-20.9-1.5c-11.3-2-33.1-10.1-44.7-5.7\ts-12.1,4.6-18,7.4c-6.6,3.2-20,9.6-36.6,9.3C131.6,23.5,99.5,7.2,86.3,8c-1.4,0.1-6.6,0.8-10.5,2c-3.8,1.2-9.4,3.8-17,4.7\tc-3.2,0.4-8.3,1.1-14.2,0.9c-1.5-0.1-6.3-0.4-12-1.6c-5.7-1.2-11-3.1-15.8-3.7C6.5,9.2,0,10.8,0,10.8V0h283.5V9.7z M260.8,11.3\tc-0.7-1-2-0.4-4.3-0.4c-2.3,0-6.1-1.2-5.8-1.1c0.3,0.1,3.1,1.5,6,1.9C259.7,12.2,261.4,12.3,260.8,11.3z M242.4,8.6\tc0,0-2.4-0.2-5.6-0.9c-3.2-0.8-10.3-2.8-15.1-3.5c-8.2-1.1-15.8,0-15.1,0.1c0.8,0.1,9.6-0.6,17.6,1.1c3.3,0.7,9.3,2.2,12.4,2.7\tC239.9,8.7,242.4,8.6,242.4,8.6z M185.2,8.5c1.7-0.7-13.3,4.7-18.5,6.1c-2.1,0.6-6.2,1.6-10,2c-3.9,0.4-8.9,0.4-8.8,0.5\tc0,0.2,5.8,0.8,11.2,0c5.4-0.8,5.2-1.1,7.6-1.6C170.5,14.7,183.5,9.2,185.2,8.5z M199.1,6.9c0.2,0-0.8-0.4-4.8,1.1\tc-4,1.5-6.7,3.5-6.9,3.7c-0.2,0.1,3.5-1.8,6.6-3C197,7.5,199,6.9,199.1,6.9z M283,6c-0.1,0.1-1.9,1.1-4.8,2.5s-6.9,2.8-6.7,2.7\tc0.2,0,3.5-0.6,7.4-2.5C282.8,6.8,283.1,5.9,283,6z M31.3,11.6c0.1-0.2-1.9-0.2-4.5-1.2s-5.4-1.6-7.8-2C15,7.6,7.3,8.5,7.7,8.6\tC8,8.7,15.9,8.3,20.2,9.3c2.2,0.5,2.4,0.5,5.7,1.6S31.2,11.9,31.3,11.6z M73,9.2c0.4-0.1,3.5-1.6,8.4-2.6c4.9-1.1,8.9-0.5,8.9-0.8\tc0-0.3-1-0.9-6.2-0.3S72.6,9.3,73,9.2z M71.6,6.7C71.8,6.8,75,5.4,77.3,5c2.3-0.3,1.9-0.5,1.9-0.6c0-0.1-1.1-0.2-2.7,0.2\tC74.8,5.1,71.4,6.6,71.6,6.7z M93.6,4.4c0.1,0.2,3.5,0.8,5.6,1.8c2.1,1,1.8,0.6,1.9,0.5c0.1-0.1-0.8-0.8-2.4-1.3\tC97.1,4.8,93.5,4.2,93.6,4.4z M65.4,11.1c-0.1,0.3,0.3,0.5,1.9-0.2s2.6-1.3,2.2-1.2s-0.9,0.4-2.5,0.8C65.3,10.9,65.5,10.8,65.4,11.1\tz M34.5,12.4c-0.2,0,2.1,0.8,3.3,0.9c1.2,0.1,2,0.1,2-0.2c0-0.3-0.1-0.5-1.6-0.4C36.6,12.8,34.7,12.4,34.5,12.4z M152.2,21.1\tc-0.1,0.1-2.4-0.3-7.5-0.3c-5,0-13.6-2.4-17.2-3.5c-3.6-1.1,10,3.9,16.5,4.1C150.5,21.6,152.3,21,152.2,21.1z\"\/>\n\t<path class=\"elementor-shape-fill\" d=\"M269.6,18c-0.1-0.1-4.6,0.3-7.2,0c-7.3-0.7-17-3.2-16.6-2.9c0.4,0.3,13.7,3.1,17,3.3\tC267.7,18.8,269.7,18,269.6,18z\"\/>\n\t<path class=\"elementor-shape-fill\" d=\"M227.4,9.8c-0.2-0.1-4.5-1-9.5-1.2c-5-0.2-12.7,0.6-12.3,0.5c0.3-0.1,5.9-1.8,13.3-1.2\tS227.6,9.9,227.4,9.8z\"\/>\n\t<path class=\"elementor-shape-fill\" d=\"M204.5,13.4c-0.1-0.1,2-1,3.2-1.1c1.2-0.1,2,0,2,0.3c0,0.3-0.1,0.5-1.6,0.4\tC206.4,12.9,204.6,13.5,204.5,13.4z\"\/>\n\t<path class=\"elementor-shape-fill\" d=\"M201,10.6c0-0.1-4.4,1.2-6.3,2.2c-1.9,0.9-6.2,3.1-6.1,3.1c0.1,0.1,4.2-1.6,6.3-2.6\tS201,10.7,201,10.6z\"\/>\n\t<path class=\"elementor-shape-fill\" d=\"M154.5,26.7c-0.1-0.1-4.6,0.3-7.2,0c-7.3-0.7-17-3.2-16.6-2.9c0.4,0.3,13.7,3.1,17,3.3\tC152.6,27.5,154.6,26.8,154.5,26.7z\"\/>\n\t<path class=\"elementor-shape-fill\" d=\"M41.9,19.3c0,0,1.2-0.3,2.9-0.1c1.7,0.2,5.8,0.9,8.2,0.7c4.2-0.4,7.4-2.7,7-2.6\tc-0.4,0-4.3,2.2-8.6,1.9c-1.8-0.1-5.1-0.5-6.7-0.4S41.9,19.3,41.9,19.3z\"\/>\n\t<path class=\"elementor-shape-fill\" d=\"M75.5,12.6c0.2,0.1,2-0.8,4.3-1.1c2.3-0.2,2.1-0.3,2.1-0.5c0-0.1-1.8-0.4-3.4,0\tC76.9,11.5,75.3,12.5,75.5,12.6z\"\/>\n\t<path class=\"elementor-shape-fill\" d=\"M15.6,13.2c0-0.1,4.3,0,6.7,0.5c2.4,0.5,5,1.9,5,2c0,0.1-2.7-0.8-5.1-1.4\tC19.9,13.7,15.7,13.3,15.6,13.2z\"\/>\n<\/svg>\t\t<\/div>\n\t\t<div class=\"elementor-element elementor-element-328fcef e-con-full e-flex e-con e-child\" data-id=\"328fcef\" data-element_type=\"container\">\n\t\t\t\t<div class=\"elementor-element elementor-element-3891e45 elementor-widget elementor-widget-image\" data-id=\"3891e45\" data-element_type=\"widget\" data-widget_type=\"image.default\">\n\t\t\t\t<div class=\"elementor-widget-container\">\n\t\t\t\t\t\t\t\t\t\t\t\t\t\t\t<img fetchpriority=\"high\" decoding=\"async\" width=\"1200\" height=\"800\" src=\"https:\/\/lareal785.cl\/wp-content\/uploads\/2025\/05\/foto-portada.jpg\" class=\"attachment-full size-full wp-image-630\" alt=\"\" srcset=\"https:\/\/lareal785.cl\/wp-content\/uploads\/2025\/05\/foto-portada.jpg 1200w, https:\/\/lareal785.cl\/wp-content\/uploads\/2025\/05\/foto-portada-300x200.jpg 300w, https:\/\/lareal785.cl\/wp-content\/uploads\/2025\/05\/foto-portada-1024x683.jpg 1024w, https:\/\/lareal785.cl\/wp-content\/uploads\/2025\/05\/foto-portada-768x512.jpg 768w, https:\/\/lareal785.cl\/wp-content\/uploads\/2025\/05\/foto-portada-600x400.jpg 600w\" sizes=\"(max-width: 1200px) 100vw, 1200px\" \/>\t\t\t\t\t\t\t\t\t\t\t\t\t\t\t<\/div>\n\t\t\t\t<\/div>\n\t\t\t\t<\/div>\n\t\t<div class=\"elementor-element elementor-element-3b3121e e-con-full e-flex e-con e-child\" data-id=\"3b3121e\" data-element_type=\"container\">\n\t\t\t\t<div class=\"elementor-element elementor-element-0475514 elementor-widget elementor-widget-text-editor\" data-id=\"0475514\" data-element_type=\"widget\" data-widget_type=\"text-editor.default\">\n\t\t\t\t<div class=\"elementor-widget-container\">\n\t\t\t\t\t\t\t\t\t<p>Empresa persona jur\u00eddica que se dedica al rubro de agroindustria, espec\u00edficamente a la elaboraci\u00f3n de salsa de tomates con tomates romanita y otros vegetales y ali\u00f1os. El producto que quiere lanzar se llama LA REAL 785 y es una salsa de tomates semi artesanal que tiene una receta \u00fanica y que busca satisfacer a diferentes segmentos de clientes que valoran la calidad, la naturalidad y la exclusividad de los productos alimenticios.<\/p><p>\u00a0<\/p><p>\u00a0<\/p><p>\u00a0<\/p>\t\t\t\t\t\t\t\t<\/div>\n\t\t\t\t<\/div>\n\t\t\t\t<\/div>\n\t\t\t\t\t<\/div>\n\t\t\t\t<\/div>\n\t\t<div class=\"elementor-element elementor-element-06776f7 e-flex e-con-boxed e-con e-parent\" data-id=\"06776f7\" data-element_type=\"container\">\n\t\t\t\t\t<div class=\"e-con-inner\">\n\t\t\t\t\t<\/div>\n\t\t\t\t<\/div>\n\t\t<div class=\"elementor-element elementor-element-060a11b e-flex e-con-boxed e-con e-parent\" data-id=\"060a11b\" data-element_type=\"container\">\n\t\t\t\t\t<div class=\"e-con-inner\">\n\t\t\t\t<div class=\"elementor-element elementor-element-41b81b1 gallery-spacing-custom elementor-widget elementor-widget-image-gallery\" data-id=\"41b81b1\" data-element_type=\"widget\" data-widget_type=\"image-gallery.default\">\n\t\t\t\t<div class=\"elementor-widget-container\">\n\t\t\t\t\t\t\t<div class=\"elementor-image-gallery\">\n\t\t\t\n\t\t<style type=\"text\/css\">\n\t\t\t#gallery-1 {\n\t\t\t\tmargin: auto;\n\t\t\t}\n\t\t\t#gallery-1 .gallery-item {\n\t\t\t\tfloat: left;\n\t\t\t\tmargin-top: 10px;\n\t\t\t\ttext-align: center;\n\t\t\t\twidth: 20%;\n\t\t\t}\n\t\t\t#gallery-1 img {\n\t\t\t\tborder: 2px solid #cfcfcf;\n\t\t\t}\n\t\t\t#gallery-1 .gallery-caption {\n\t\t\t\tmargin-left: 0;\n\t\t\t}\n\t\t\t\/* see gallery_shortcode() in wp-includes\/media.php *\/\n\t\t<\/style>\n\t\t<div id='gallery-1' class='gallery galleryid-625 gallery-columns-5 gallery-size-thumbnail'><dl class='gallery-item'>\n\t\t\t<dt class='gallery-icon landscape'>\n\t\t\t\t<a data-elementor-open-lightbox=\"yes\" data-elementor-lightbox-slideshow=\"41b81b1\" data-elementor-lightbox-title=\"01 Entrada terreno\" data-e-action-hash=\"#elementor-action%3Aaction%3Dlightbox%26settings%3DeyJpZCI6OTE0LCJ1cmwiOiJodHRwczpcL1wvbGFyZWFsNzg1LmNsXC93cC1jb250ZW50XC91cGxvYWRzXC8yMDI1XC8wNVwvMDEtRW50cmFkYS10ZXJyZW5vLTEuanBnIiwic2xpZGVzaG93IjoiNDFiODFiMSJ9\" href='https:\/\/lareal785.cl\/wp-content\/uploads\/2025\/05\/01-Entrada-terreno-1.jpg'><img decoding=\"async\" width=\"150\" height=\"150\" src=\"https:\/\/lareal785.cl\/wp-content\/uploads\/2025\/05\/01-Entrada-terreno-1-150x150.jpg\" class=\"attachment-thumbnail size-thumbnail\" alt=\"\" srcset=\"https:\/\/lareal785.cl\/wp-content\/uploads\/2025\/05\/01-Entrada-terreno-1-150x150.jpg 150w, https:\/\/lareal785.cl\/wp-content\/uploads\/2025\/05\/01-Entrada-terreno-1-300x300.jpg 300w, https:\/\/lareal785.cl\/wp-content\/uploads\/2025\/05\/01-Entrada-terreno-1-100x100.jpg 100w\" sizes=\"(max-width: 150px) 100vw, 150px\" \/><\/a>\n\t\t\t<\/dt><\/dl><dl class='gallery-item'>\n\t\t\t<dt class='gallery-icon portrait'>\n\t\t\t\t<a data-elementor-open-lightbox=\"yes\" data-elementor-lightbox-slideshow=\"41b81b1\" data-elementor-lightbox-title=\"01 pasilla\" data-e-action-hash=\"#elementor-action%3Aaction%3Dlightbox%26settings%3DeyJpZCI6OTE1LCJ1cmwiOiJodHRwczpcL1wvbGFyZWFsNzg1LmNsXC93cC1jb250ZW50XC91cGxvYWRzXC8yMDI1XC8wNVwvMDEtcGFzaWxsYS1yb3RhdGVkLmpwZyIsInNsaWRlc2hvdyI6IjQxYjgxYjEifQ%3D%3D\" href='https:\/\/lareal785.cl\/wp-content\/uploads\/2025\/05\/01-pasilla-rotated.jpg'><img decoding=\"async\" width=\"150\" height=\"150\" src=\"https:\/\/lareal785.cl\/wp-content\/uploads\/2025\/05\/01-pasilla-150x150.jpg\" class=\"attachment-thumbnail size-thumbnail\" alt=\"\" srcset=\"https:\/\/lareal785.cl\/wp-content\/uploads\/2025\/05\/01-pasilla-150x150.jpg 150w, https:\/\/lareal785.cl\/wp-content\/uploads\/2025\/05\/01-pasilla-300x300.jpg 300w, https:\/\/lareal785.cl\/wp-content\/uploads\/2025\/05\/01-pasilla-100x100.jpg 100w\" sizes=\"(max-width: 150px) 100vw, 150px\" \/><\/a>\n\t\t\t<\/dt><\/dl><dl class='gallery-item'>\n\t\t\t<dt class='gallery-icon portrait'>\n\t\t\t\t<a data-elementor-open-lightbox=\"yes\" data-elementor-lightbox-slideshow=\"41b81b1\" data-elementor-lightbox-title=\"03 Sala de procesos vista general\" data-e-action-hash=\"#elementor-action%3Aaction%3Dlightbox%26settings%3DeyJpZCI6OTE2LCJ1cmwiOiJodHRwczpcL1wvbGFyZWFsNzg1LmNsXC93cC1jb250ZW50XC91cGxvYWRzXC8yMDI1XC8wNVwvMDMtU2FsYS1kZS1wcm9jZXNvcy12aXN0YS1nZW5lcmFsLXJvdGF0ZWQuanBnIiwic2xpZGVzaG93IjoiNDFiODFiMSJ9\" href='https:\/\/lareal785.cl\/wp-content\/uploads\/2025\/05\/03-Sala-de-procesos-vista-general-rotated.jpg'><img loading=\"lazy\" decoding=\"async\" width=\"150\" height=\"150\" src=\"https:\/\/lareal785.cl\/wp-content\/uploads\/2025\/05\/03-Sala-de-procesos-vista-general-150x150.jpg\" class=\"attachment-thumbnail size-thumbnail\" alt=\"\" srcset=\"https:\/\/lareal785.cl\/wp-content\/uploads\/2025\/05\/03-Sala-de-procesos-vista-general-150x150.jpg 150w, https:\/\/lareal785.cl\/wp-content\/uploads\/2025\/05\/03-Sala-de-procesos-vista-general-300x300.jpg 300w, https:\/\/lareal785.cl\/wp-content\/uploads\/2025\/05\/03-Sala-de-procesos-vista-general-100x100.jpg 100w\" sizes=\"(max-width: 150px) 100vw, 150px\" \/><\/a>\n\t\t\t<\/dt><\/dl><dl class='gallery-item'>\n\t\t\t<dt class='gallery-icon landscape'>\n\t\t\t\t<a data-elementor-open-lightbox=\"yes\" data-elementor-lightbox-slideshow=\"41b81b1\" data-elementor-lightbox-title=\"05 vista exterior planta\" data-e-action-hash=\"#elementor-action%3Aaction%3Dlightbox%26settings%3DeyJpZCI6OTE3LCJ1cmwiOiJodHRwczpcL1wvbGFyZWFsNzg1LmNsXC93cC1jb250ZW50XC91cGxvYWRzXC8yMDI1XC8wNVwvMDUtdmlzdGEtZXh0ZXJpb3ItcGxhbnRhLmpwZyIsInNsaWRlc2hvdyI6IjQxYjgxYjEifQ%3D%3D\" href='https:\/\/lareal785.cl\/wp-content\/uploads\/2025\/05\/05-vista-exterior-planta.jpg'><img loading=\"lazy\" decoding=\"async\" width=\"150\" height=\"150\" src=\"https:\/\/lareal785.cl\/wp-content\/uploads\/2025\/05\/05-vista-exterior-planta-150x150.jpg\" class=\"attachment-thumbnail size-thumbnail\" alt=\"\" srcset=\"https:\/\/lareal785.cl\/wp-content\/uploads\/2025\/05\/05-vista-exterior-planta-150x150.jpg 150w, https:\/\/lareal785.cl\/wp-content\/uploads\/2025\/05\/05-vista-exterior-planta-300x300.jpg 300w, https:\/\/lareal785.cl\/wp-content\/uploads\/2025\/05\/05-vista-exterior-planta-100x100.jpg 100w\" sizes=\"(max-width: 150px) 100vw, 150px\" \/><\/a>\n\t\t\t<\/dt><\/dl><dl class='gallery-item'>\n\t\t\t<dt class='gallery-icon landscape'>\n\t\t\t\t<a data-elementor-open-lightbox=\"yes\" data-elementor-lightbox-slideshow=\"41b81b1\" data-elementor-lightbox-title=\"06 Sala de procesos vista general\" data-e-action-hash=\"#elementor-action%3Aaction%3Dlightbox%26settings%3DeyJpZCI6OTE4LCJ1cmwiOiJodHRwczpcL1wvbGFyZWFsNzg1LmNsXC93cC1jb250ZW50XC91cGxvYWRzXC8yMDI1XC8wNVwvMDYtU2FsYS1kZS1wcm9jZXNvcy12aXN0YS1nZW5lcmFsLTEuanBnIiwic2xpZGVzaG93IjoiNDFiODFiMSJ9\" href='https:\/\/lareal785.cl\/wp-content\/uploads\/2025\/05\/06-Sala-de-procesos-vista-general-1.jpg'><img loading=\"lazy\" decoding=\"async\" width=\"150\" height=\"150\" src=\"https:\/\/lareal785.cl\/wp-content\/uploads\/2025\/05\/06-Sala-de-procesos-vista-general-1-150x150.jpg\" class=\"attachment-thumbnail size-thumbnail\" alt=\"\" srcset=\"https:\/\/lareal785.cl\/wp-content\/uploads\/2025\/05\/06-Sala-de-procesos-vista-general-1-150x150.jpg 150w, https:\/\/lareal785.cl\/wp-content\/uploads\/2025\/05\/06-Sala-de-procesos-vista-general-1-300x300.jpg 300w, https:\/\/lareal785.cl\/wp-content\/uploads\/2025\/05\/06-Sala-de-procesos-vista-general-1-100x100.jpg 100w\" sizes=\"(max-width: 150px) 100vw, 150px\" \/><\/a>\n\t\t\t<\/dt><\/dl><br style=\"clear: both\" \/><dl class='gallery-item'>\n\t\t\t<dt class='gallery-icon landscape'>\n\t\t\t\t<a data-elementor-open-lightbox=\"yes\" data-elementor-lightbox-slideshow=\"41b81b1\" data-elementor-lightbox-title=\"07 vista general exterior planta\" data-e-action-hash=\"#elementor-action%3Aaction%3Dlightbox%26settings%3DeyJpZCI6OTE5LCJ1cmwiOiJodHRwczpcL1wvbGFyZWFsNzg1LmNsXC93cC1jb250ZW50XC91cGxvYWRzXC8yMDI1XC8wNVwvMDctdmlzdGEtZ2VuZXJhbC1leHRlcmlvci1wbGFudGEuanBnIiwic2xpZGVzaG93IjoiNDFiODFiMSJ9\" href='https:\/\/lareal785.cl\/wp-content\/uploads\/2025\/05\/07-vista-general-exterior-planta.jpg'><img loading=\"lazy\" decoding=\"async\" width=\"150\" height=\"150\" src=\"https:\/\/lareal785.cl\/wp-content\/uploads\/2025\/05\/07-vista-general-exterior-planta-150x150.jpg\" class=\"attachment-thumbnail size-thumbnail\" alt=\"\" srcset=\"https:\/\/lareal785.cl\/wp-content\/uploads\/2025\/05\/07-vista-general-exterior-planta-150x150.jpg 150w, https:\/\/lareal785.cl\/wp-content\/uploads\/2025\/05\/07-vista-general-exterior-planta-300x300.jpg 300w, https:\/\/lareal785.cl\/wp-content\/uploads\/2025\/05\/07-vista-general-exterior-planta-100x100.jpg 100w\" sizes=\"(max-width: 150px) 100vw, 150px\" \/><\/a>\n\t\t\t<\/dt><\/dl><dl class='gallery-item'>\n\t\t\t<dt class='gallery-icon portrait'>\n\t\t\t\t<a data-elementor-open-lightbox=\"yes\" data-elementor-lightbox-slideshow=\"41b81b1\" data-elementor-lightbox-title=\"Detalle boquilla dosificadora y maquina tapadora manual\" data-e-action-hash=\"#elementor-action%3Aaction%3Dlightbox%26settings%3DeyJpZCI6OTIwLCJ1cmwiOiJodHRwczpcL1wvbGFyZWFsNzg1LmNsXC93cC1jb250ZW50XC91cGxvYWRzXC8yMDI1XC8wNVwvRGV0YWxsZS1ib3F1aWxsYS1kb3NpZmljYWRvcmEteS1tYXF1aW5hLXRhcGFkb3JhLW1hbnVhbC1yb3RhdGVkLmpwZyIsInNsaWRlc2hvdyI6IjQxYjgxYjEifQ%3D%3D\" href='https:\/\/lareal785.cl\/wp-content\/uploads\/2025\/05\/Detalle-boquilla-dosificadora-y-maquina-tapadora-manual-rotated.jpg'><img loading=\"lazy\" decoding=\"async\" width=\"150\" height=\"150\" src=\"https:\/\/lareal785.cl\/wp-content\/uploads\/2025\/05\/Detalle-boquilla-dosificadora-y-maquina-tapadora-manual-150x150.jpg\" class=\"attachment-thumbnail size-thumbnail\" alt=\"\" srcset=\"https:\/\/lareal785.cl\/wp-content\/uploads\/2025\/05\/Detalle-boquilla-dosificadora-y-maquina-tapadora-manual-150x150.jpg 150w, https:\/\/lareal785.cl\/wp-content\/uploads\/2025\/05\/Detalle-boquilla-dosificadora-y-maquina-tapadora-manual-300x300.jpg 300w, https:\/\/lareal785.cl\/wp-content\/uploads\/2025\/05\/Detalle-boquilla-dosificadora-y-maquina-tapadora-manual-100x100.jpg 100w\" sizes=\"(max-width: 150px) 100vw, 150px\" \/><\/a>\n\t\t\t<\/dt><\/dl><dl class='gallery-item'>\n\t\t\t<dt class='gallery-icon portrait'>\n\t\t\t\t<a data-elementor-open-lightbox=\"yes\" data-elementor-lightbox-slideshow=\"41b81b1\" data-elementor-lightbox-title=\"Olla con agitador a gas\" data-e-action-hash=\"#elementor-action%3Aaction%3Dlightbox%26settings%3DeyJpZCI6OTIxLCJ1cmwiOiJodHRwczpcL1wvbGFyZWFsNzg1LmNsXC93cC1jb250ZW50XC91cGxvYWRzXC8yMDI1XC8wNVwvT2xsYS1jb24tYWdpdGFkb3ItYS1nYXMtcm90YXRlZC5qcGciLCJzbGlkZXNob3ciOiI0MWI4MWIxIn0%3D\" href='https:\/\/lareal785.cl\/wp-content\/uploads\/2025\/05\/Olla-con-agitador-a-gas-rotated.jpg'><img loading=\"lazy\" decoding=\"async\" width=\"150\" height=\"150\" src=\"https:\/\/lareal785.cl\/wp-content\/uploads\/2025\/05\/Olla-con-agitador-a-gas-150x150.jpg\" class=\"attachment-thumbnail size-thumbnail\" alt=\"\" srcset=\"https:\/\/lareal785.cl\/wp-content\/uploads\/2025\/05\/Olla-con-agitador-a-gas-150x150.jpg 150w, https:\/\/lareal785.cl\/wp-content\/uploads\/2025\/05\/Olla-con-agitador-a-gas-300x300.jpg 300w, https:\/\/lareal785.cl\/wp-content\/uploads\/2025\/05\/Olla-con-agitador-a-gas-100x100.jpg 100w\" sizes=\"(max-width: 150px) 100vw, 150px\" \/><\/a>\n\t\t\t<\/dt><\/dl><dl class='gallery-item'>\n\t\t\t<dt class='gallery-icon landscape'>\n\t\t\t\t<a data-elementor-open-lightbox=\"yes\" data-elementor-lightbox-slideshow=\"41b81b1\" data-elementor-lightbox-title=\"Planta 01\" data-e-action-hash=\"#elementor-action%3Aaction%3Dlightbox%26settings%3DeyJpZCI6OTIyLCJ1cmwiOiJodHRwczpcL1wvbGFyZWFsNzg1LmNsXC93cC1jb250ZW50XC91cGxvYWRzXC8yMDI1XC8wNVwvUGxhbnRhLTAxLmpwZyIsInNsaWRlc2hvdyI6IjQxYjgxYjEifQ%3D%3D\" href='https:\/\/lareal785.cl\/wp-content\/uploads\/2025\/05\/Planta-01.jpg'><img loading=\"lazy\" decoding=\"async\" width=\"150\" height=\"150\" src=\"https:\/\/lareal785.cl\/wp-content\/uploads\/2025\/05\/Planta-01-150x150.jpg\" class=\"attachment-thumbnail size-thumbnail\" alt=\"\" srcset=\"https:\/\/lareal785.cl\/wp-content\/uploads\/2025\/05\/Planta-01-150x150.jpg 150w, https:\/\/lareal785.cl\/wp-content\/uploads\/2025\/05\/Planta-01-300x300.jpg 300w, https:\/\/lareal785.cl\/wp-content\/uploads\/2025\/05\/Planta-01-100x100.jpg 100w\" sizes=\"(max-width: 150px) 100vw, 150px\" \/><\/a>\n\t\t\t<\/dt><\/dl><dl class='gallery-item'>\n\t\t\t<dt class='gallery-icon portrait'>\n\t\t\t\t<a data-elementor-open-lightbox=\"yes\" data-elementor-lightbox-slideshow=\"41b81b1\" data-elementor-lightbox-title=\"Puentes de unio\u00ecn contenedores\" data-e-action-hash=\"#elementor-action%3Aaction%3Dlightbox%26settings%3DeyJpZCI6OTIzLCJ1cmwiOiJodHRwczpcL1wvbGFyZWFsNzg1LmNsXC93cC1jb250ZW50XC91cGxvYWRzXC8yMDI1XC8wNVwvUHVlbnRlcy1kZS11bmlvaW4tY29udGVuZWRvcmVzLXJvdGF0ZWQuanBnIiwic2xpZGVzaG93IjoiNDFiODFiMSJ9\" href='https:\/\/lareal785.cl\/wp-content\/uploads\/2025\/05\/Puentes-de-unioin-contenedores-rotated.jpg'><img loading=\"lazy\" decoding=\"async\" width=\"150\" height=\"150\" src=\"https:\/\/lareal785.cl\/wp-content\/uploads\/2025\/05\/Puentes-de-unioin-contenedores-150x150.jpg\" class=\"attachment-thumbnail size-thumbnail\" alt=\"\" srcset=\"https:\/\/lareal785.cl\/wp-content\/uploads\/2025\/05\/Puentes-de-unioin-contenedores-150x150.jpg 150w, https:\/\/lareal785.cl\/wp-content\/uploads\/2025\/05\/Puentes-de-unioin-contenedores-300x300.jpg 300w, https:\/\/lareal785.cl\/wp-content\/uploads\/2025\/05\/Puentes-de-unioin-contenedores-100x100.jpg 100w\" sizes=\"(max-width: 150px) 100vw, 150px\" \/><\/a>\n\t\t\t<\/dt><\/dl><br style=\"clear: both\" \/><dl class='gallery-item'>\n\t\t\t<dt class='gallery-icon landscape'>\n\t\t\t\t<a data-elementor-open-lightbox=\"yes\" data-elementor-lightbox-slideshow=\"41b81b1\" data-elementor-lightbox-title=\"tomate-invernadero\" data-e-action-hash=\"#elementor-action%3Aaction%3Dlightbox%26settings%3DeyJpZCI6OTI0LCJ1cmwiOiJodHRwczpcL1wvbGFyZWFsNzg1LmNsXC93cC1jb250ZW50XC91cGxvYWRzXC8yMDI1XC8wNVwvdG9tYXRlLWludmVybmFkZXJvLmpwZyIsInNsaWRlc2hvdyI6IjQxYjgxYjEifQ%3D%3D\" href='https:\/\/lareal785.cl\/wp-content\/uploads\/2025\/05\/tomate-invernadero.jpg'><img loading=\"lazy\" decoding=\"async\" width=\"150\" height=\"150\" src=\"https:\/\/lareal785.cl\/wp-content\/uploads\/2025\/05\/tomate-invernadero-150x150.jpg\" class=\"attachment-thumbnail size-thumbnail\" alt=\"\" srcset=\"https:\/\/lareal785.cl\/wp-content\/uploads\/2025\/05\/tomate-invernadero-150x150.jpg 150w, https:\/\/lareal785.cl\/wp-content\/uploads\/2025\/05\/tomate-invernadero-300x300.jpg 300w, https:\/\/lareal785.cl\/wp-content\/uploads\/2025\/05\/tomate-invernadero-100x100.jpg 100w\" sizes=\"(max-width: 150px) 100vw, 150px\" \/><\/a>\n\t\t\t<\/dt><\/dl><dl class='gallery-item'>\n\t\t\t<dt class='gallery-icon landscape'>\n\t\t\t\t<a data-elementor-open-lightbox=\"yes\" data-elementor-lightbox-slideshow=\"41b81b1\" data-elementor-lightbox-title=\"Zona de envasado\" data-e-action-hash=\"#elementor-action%3Aaction%3Dlightbox%26settings%3DeyJpZCI6OTI1LCJ1cmwiOiJodHRwczpcL1wvbGFyZWFsNzg1LmNsXC93cC1jb250ZW50XC91cGxvYWRzXC8yMDI1XC8wNVwvWm9uYS1kZS1lbnZhc2Fkby5qcGciLCJzbGlkZXNob3ciOiI0MWI4MWIxIn0%3D\" href='https:\/\/lareal785.cl\/wp-content\/uploads\/2025\/05\/Zona-de-envasado.jpg'><img loading=\"lazy\" decoding=\"async\" width=\"150\" height=\"150\" src=\"https:\/\/lareal785.cl\/wp-content\/uploads\/2025\/05\/Zona-de-envasado-150x150.jpg\" class=\"attachment-thumbnail size-thumbnail\" alt=\"\" srcset=\"https:\/\/lareal785.cl\/wp-content\/uploads\/2025\/05\/Zona-de-envasado-150x150.jpg 150w, https:\/\/lareal785.cl\/wp-content\/uploads\/2025\/05\/Zona-de-envasado-300x300.jpg 300w, https:\/\/lareal785.cl\/wp-content\/uploads\/2025\/05\/Zona-de-envasado-100x100.jpg 100w\" sizes=\"(max-width: 150px) 100vw, 150px\" \/><\/a>\n\t\t\t<\/dt><\/dl><dl class='gallery-item'>\n\t\t\t<dt class='gallery-icon landscape'>\n\t\t\t\t<a data-elementor-open-lightbox=\"yes\" data-elementor-lightbox-slideshow=\"41b81b1\" data-elementor-lightbox-title=\"Zona de etiqutado y fechado.\" data-e-action-hash=\"#elementor-action%3Aaction%3Dlightbox%26settings%3DeyJpZCI6OTI2LCJ1cmwiOiJodHRwczpcL1wvbGFyZWFsNzg1LmNsXC93cC1jb250ZW50XC91cGxvYWRzXC8yMDI1XC8wNVwvWm9uYS1kZS1ldGlxdXRhZG8teS1mZWNoYWRvLmpwZyIsInNsaWRlc2hvdyI6IjQxYjgxYjEifQ%3D%3D\" href='https:\/\/lareal785.cl\/wp-content\/uploads\/2025\/05\/Zona-de-etiqutado-y-fechado.jpg'><img loading=\"lazy\" decoding=\"async\" width=\"150\" height=\"150\" src=\"https:\/\/lareal785.cl\/wp-content\/uploads\/2025\/05\/Zona-de-etiqutado-y-fechado-150x150.jpg\" class=\"attachment-thumbnail size-thumbnail\" alt=\"\" srcset=\"https:\/\/lareal785.cl\/wp-content\/uploads\/2025\/05\/Zona-de-etiqutado-y-fechado-150x150.jpg 150w, https:\/\/lareal785.cl\/wp-content\/uploads\/2025\/05\/Zona-de-etiqutado-y-fechado-300x300.jpg 300w, https:\/\/lareal785.cl\/wp-content\/uploads\/2025\/05\/Zona-de-etiqutado-y-fechado-100x100.jpg 100w\" sizes=\"(max-width: 150px) 100vw, 150px\" \/><\/a>\n\t\t\t<\/dt><\/dl><dl class='gallery-item'>\n\t\t\t<dt class='gallery-icon landscape'>\n\t\t\t\t<a data-elementor-open-lightbox=\"yes\" data-elementor-lightbox-slideshow=\"41b81b1\" data-elementor-lightbox-title=\"Zona dosificado y tapado envases\" data-e-action-hash=\"#elementor-action%3Aaction%3Dlightbox%26settings%3DeyJpZCI6OTI3LCJ1cmwiOiJodHRwczpcL1wvbGFyZWFsNzg1LmNsXC93cC1jb250ZW50XC91cGxvYWRzXC8yMDI1XC8wNVwvWm9uYS1kb3NpZmljYWRvLXktdGFwYWRvLWVudmFzZXMuanBnIiwic2xpZGVzaG93IjoiNDFiODFiMSJ9\" href='https:\/\/lareal785.cl\/wp-content\/uploads\/2025\/05\/Zona-dosificado-y-tapado-envases.jpg'><img loading=\"lazy\" decoding=\"async\" width=\"150\" height=\"150\" src=\"https:\/\/lareal785.cl\/wp-content\/uploads\/2025\/05\/Zona-dosificado-y-tapado-envases-150x150.jpg\" class=\"attachment-thumbnail size-thumbnail\" alt=\"\" srcset=\"https:\/\/lareal785.cl\/wp-content\/uploads\/2025\/05\/Zona-dosificado-y-tapado-envases-150x150.jpg 150w, https:\/\/lareal785.cl\/wp-content\/uploads\/2025\/05\/Zona-dosificado-y-tapado-envases-300x300.jpg 300w, https:\/\/lareal785.cl\/wp-content\/uploads\/2025\/05\/Zona-dosificado-y-tapado-envases-100x100.jpg 100w\" sizes=\"(max-width: 150px) 100vw, 150px\" \/><\/a>\n\t\t\t<\/dt><\/dl>\n\t\t\t<br style='clear: both' \/>\n\t\t<\/div>\n\t\t<\/div>\n\t\t\t\t\t\t<\/div>\n\t\t\t\t<\/div>\n\t\t\t\t\t<\/div>\n\t\t\t\t<\/div>\n\t\t\t\t<\/div>\n\t\t","protected":false},"excerpt":{"rendered":"<p>Nuestra Historia Empresa persona jur\u00eddica que se dedica al rubro de agroindustria, espec\u00edficamente a la elaboraci\u00f3n de salsa de tomates con tomates romanita y otros vegetales y ali\u00f1os. El producto que quiere lanzar se llama LA REAL 785 y es una salsa de tomates semi artesanal que tiene una receta \u00fanica y que busca satisfacer&hellip;<\/p>\n","protected":false},"author":2,"featured_media":932,"parent":0,"menu_order":0,"comment_status":"closed","ping_status":"closed","template":"","meta":{"_eb_attr":"","footnotes":""},"class_list":["post-625","page","type-page","status-publish","has-post-thumbnail","hentry"],"jetpack_sharing_enabled":true,"_links":{"self":[{"href":"https:\/\/lareal785.cl\/index.php\/wp-json\/wp\/v2\/pages\/625","targetHints":{"allow":["GET"]}}],"collection":[{"href":"https:\/\/lareal785.cl\/index.php\/wp-json\/wp\/v2\/pages"}],"about":[{"href":"https:\/\/lareal785.cl\/index.php\/wp-json\/wp\/v2\/types\/page"}],"author":[{"embeddable":true,"href":"https:\/\/lareal785.cl\/index.php\/wp-json\/wp\/v2\/users\/2"}],"replies":[{"embeddable":true,"href":"https:\/\/lareal785.cl\/index.php\/wp-json\/wp\/v2\/comments?post=625"}],"version-history":[{"count":35,"href":"https:\/\/lareal785.cl\/index.php\/wp-json\/wp\/v2\/pages\/625\/revisions"}],"predecessor-version":[{"id":930,"href":"https:\/\/lareal785.cl\/index.php\/wp-json\/wp\/v2\/pages\/625\/revisions\/930"}],"wp:featuredmedia":[{"embeddable":true,"href":"https:\/\/lareal785.cl\/index.php\/wp-json\/wp\/v2\/media\/932"}],"wp:attachment":[{"href":"https:\/\/lareal785.cl\/index.php\/wp-json\/wp\/v2\/media?parent=625"}],"curies":[{"name":"wp","href":"https:\/\/api.w.org\/{rel}","templated":true}]}}