{"id":590,"date":"2025-05-16T00:01:31","date_gmt":"2025-05-16T00:01:31","guid":{"rendered":"https:\/\/lareal785.cl\/?page_id=590"},"modified":"2025-05-16T00:41:35","modified_gmt":"2025-05-16T00:41:35","slug":"nuestras-salsas","status":"publish","type":"page","link":"https:\/\/lareal785.cl\/index.php\/nuestras-salsas\/","title":{"rendered":"Nuestras Salsas"},"content":{"rendered":"\t\t<div data-elementor-type=\"wp-page\" data-elementor-id=\"590\" class=\"elementor elementor-590\">\n\t\t\t\t<div class=\"elementor-element elementor-element-6b56068 e-flex e-con-boxed e-con e-parent\" data-id=\"6b56068\" data-element_type=\"container\">\n\t\t\t\t\t<div class=\"e-con-inner\">\n\t\t\t\t<div class=\"elementor-element elementor-element-3bffe36 elementor-widget elementor-widget-writing-effect-headline\" data-id=\"3bffe36\" data-element_type=\"widget\" data-widget_type=\"writing-effect-headline.default\">\n\t\t\t\t<div class=\"elementor-widget-container\">\n\t\t\t\t\t        <h1 class=\"futurio-extra-written-headline\" data-speed=\"159\" data-delay=\"1000\" data-loop=\"0\">\r\n        \r\n                    <span class=\"written-lines\">Nuestros Productos<\/span>\r\n        \r\n                <\/h1>\r\n        \t\t\t\t<\/div>\n\t\t\t\t<\/div>\n\t\t\t\t\t<\/div>\n\t\t\t\t<\/div>\n\t\t<div class=\"elementor-element elementor-element-9d429a6 e-flex e-con-boxed e-con e-parent\" data-id=\"9d429a6\" data-element_type=\"container\">\n\t\t\t\t\t<div class=\"e-con-inner\">\n\t\t\t\t<div class=\"elementor-element elementor-element-a8b2942 eael-product-grid-column-3 elementor-widget elementor-widget-eicon-woocommerce\" data-id=\"a8b2942\" data-element_type=\"widget\" data-widget_type=\"eicon-woocommerce.default\">\n\t\t\t\t<div class=\"elementor-widget-container\">\n\t\t\t\t\t\n        <div class=\"eael-product-grid eael-product-simple grid\" id=\"eael-product-grid\" data-widget-id=\"a8b2942\" data-page-id=\"590\" data-nonce=\"e0cd041864\" >\n            <div class=\"woocommerce\">\n                <ul class=\"products\" data-layout-mode=\"grid\"> <li class=\"product \">\n<div class=\"eael-product-wrap\">\n    <img fetchpriority=\"high\" decoding=\"async\" width=\"224\" height=\"300\" src=\"https:\/\/lareal785.cl\/wp-content\/uploads\/2025\/05\/x12-224x300.png\" class=\"attachment-woocommerce_thumbnail size-woocommerce_thumbnail wvs-archive-product-image\" alt=\"Salsa x 12\" loading=\"eager\" srcset=\"https:\/\/lareal785.cl\/wp-content\/uploads\/2025\/05\/x12-224x300.png 224w, https:\/\/lareal785.cl\/wp-content\/uploads\/2025\/05\/x12-600x803.png 600w, https:\/\/lareal785.cl\/wp-content\/uploads\/2025\/05\/x12.png 650w\" sizes=\"(max-width: 224px) 100vw, 224px\" \/><div class=\"eael-product-title\">\n    <a href=\"https:\/\/lareal785.cl\/index.php\/producto\/salsa-x-12\/\" class=\"woocommerce-LoopProduct-link woocommerce-loop-product__link\"><h2 class=\"woocommerce-loop-product__title\">Salsa x 12<\/h2><\/a>\n    <\/div><div class=\"eael-star-rating star-rating\"><span style=\"width:0%\">Valorado con <strong class=\"rating\">0<\/strong> de 5<\/span><\/div><div class=\"eael-product-price\"><span class=\"woocommerce-Price-amount amount\"><bdi><span class=\"woocommerce-Price-currencySymbol\">&#36;<\/span>40.000<\/bdi><\/span><\/div>    <a href=\"?add-to-cart=491\" aria-describedby=\"woocommerce_loop_add_to_cart_link_describedby_491\" data-quantity=\"1\" class=\"button product_type_simple add_to_cart_button ajax_add_to_cart\" data-product_id=\"491\" data-product_sku=\"012\" aria-label=\"A\u00f1adir al carrito: &ldquo;Salsa x 12&rdquo;\" rel=\"nofollow\" data-success_message=\"\u00abSalsa x 12\u00bb se ha a\u00f1adido a tu carrito\">A\u00f1adir al carrito<\/a>\t<span id=\"woocommerce_loop_add_to_cart_link_describedby_491\" class=\"screen-reader-text\">\n\t\t\t<\/span>\n    \n<\/div>\n\n<\/li> <li class=\"product \">\n<div class=\"eael-product-wrap\">\n    <img decoding=\"async\" width=\"224\" height=\"300\" src=\"https:\/\/lareal785.cl\/wp-content\/uploads\/2025\/05\/x6-224x300.png\" class=\"attachment-woocommerce_thumbnail size-woocommerce_thumbnail wvs-archive-product-image\" alt=\"Salsa x6\" loading=\"eager\" srcset=\"https:\/\/lareal785.cl\/wp-content\/uploads\/2025\/05\/x6-224x300.png 224w, https:\/\/lareal785.cl\/wp-content\/uploads\/2025\/05\/x6-600x803.png 600w, https:\/\/lareal785.cl\/wp-content\/uploads\/2025\/05\/x6.png 650w\" sizes=\"(max-width: 224px) 100vw, 224px\" \/><div class=\"eael-product-title\">\n    <a href=\"https:\/\/lareal785.cl\/index.php\/producto\/salsa-x6\/\" class=\"woocommerce-LoopProduct-link woocommerce-loop-product__link\"><h2 class=\"woocommerce-loop-product__title\">Salsa x6<\/h2><\/a>\n    <\/div><div class=\"eael-star-rating star-rating\"><span style=\"width:0%\">Valorado con <strong class=\"rating\">0<\/strong> de 5<\/span><\/div><div class=\"eael-product-price\"><span class=\"woocommerce-Price-amount amount\"><bdi><span class=\"woocommerce-Price-currencySymbol\">&#36;<\/span>21.000<\/bdi><\/span><\/div>    <a href=\"?add-to-cart=489\" aria-describedby=\"woocommerce_loop_add_to_cart_link_describedby_489\" data-quantity=\"1\" class=\"button product_type_simple add_to_cart_button ajax_add_to_cart\" data-product_id=\"489\" data-product_sku=\"006\" aria-label=\"A\u00f1adir al carrito: &ldquo;Salsa x6&rdquo;\" rel=\"nofollow\" data-success_message=\"\u00abSalsa x6\u00bb se ha a\u00f1adido a tu carrito\">A\u00f1adir al carrito<\/a>\t<span id=\"woocommerce_loop_add_to_cart_link_describedby_489\" class=\"screen-reader-text\">\n\t\t\t<\/span>\n    \n<\/div>\n\n<\/li> <li class=\"product \">\n<div class=\"eael-product-wrap\">\n    <img decoding=\"async\" width=\"224\" height=\"300\" src=\"https:\/\/lareal785.cl\/wp-content\/uploads\/2025\/05\/FRASCO-1-224x300.png\" class=\"attachment-woocommerce_thumbnail size-woocommerce_thumbnail wvs-archive-product-image\" alt=\"Salsa 1 unidad\" loading=\"eager\" srcset=\"https:\/\/lareal785.cl\/wp-content\/uploads\/2025\/05\/FRASCO-1-224x300.png 224w, https:\/\/lareal785.cl\/wp-content\/uploads\/2025\/05\/FRASCO-1-600x803.png 600w, https:\/\/lareal785.cl\/wp-content\/uploads\/2025\/05\/FRASCO-1.png 650w\" sizes=\"(max-width: 224px) 100vw, 224px\" \/><div class=\"eael-product-title\">\n    <a href=\"https:\/\/lareal785.cl\/index.php\/producto\/salsa-1-unidad\/\" class=\"woocommerce-LoopProduct-link woocommerce-loop-product__link\"><h2 class=\"woocommerce-loop-product__title\">Salsa 1 unidad<\/h2><\/a>\n    <\/div><div class=\"eael-star-rating star-rating\"><span style=\"width:0%\">Valorado con <strong class=\"rating\">0<\/strong> de 5<\/span><\/div><div class=\"eael-product-price\"><span class=\"woocommerce-Price-amount amount\"><bdi><span class=\"woocommerce-Price-currencySymbol\">&#36;<\/span>3.500<\/bdi><\/span><\/div>    <a href=\"?add-to-cart=487\" aria-describedby=\"woocommerce_loop_add_to_cart_link_describedby_487\" data-quantity=\"1\" class=\"button product_type_simple add_to_cart_button ajax_add_to_cart\" data-product_id=\"487\" data-product_sku=\"001\" aria-label=\"A\u00f1adir al carrito: &ldquo;Salsa 1 unidad&rdquo;\" rel=\"nofollow\" data-success_message=\"\u00abSalsa 1 unidad\u00bb se ha a\u00f1adido a tu carrito\">A\u00f1adir al carrito<\/a>\t<span id=\"woocommerce_loop_add_to_cart_link_describedby_487\" class=\"screen-reader-text\">\n\t\t\t<\/span>\n    \n<\/div>\n\n<\/li><\/ul><nav id='a8b2942-eael-pagination' class='eael-woo-pagination' data-plimit='30' data-totalpage ='3' data-widgetid='a8b2942' data-pageid='590' data-args='post_type=product&post_status%5B0%5D=publish&post_status%5B1%5D=pending&post_status%5B2%5D=future&posts_per_page=30&order=desc&offset=0&tax_query%5Brelation%5D=AND&tax_query%5B0%5D%5Btaxonomy%5D=product_visibility&tax_query%5B0%5D%5Bfield%5D=name&tax_query%5B0%5D%5Bterms%5D%5B0%5D=exclude-from-search&tax_query%5B0%5D%5Bterms%5D%5B1%5D=exclude-from-catalog&tax_query%5B0%5D%5Boperator%5D=NOT+IN&orderby=date&meta_query%5Brelation%5D=AND&meta_query%5B0%5D%5Bkey%5D=_stock_status&meta_query%5B0%5D%5Bvalue%5D=instock&max_page=1&total_post=3'  data-template='{\"dir\":\"free\",\"file_name\":\"simple\",\"name\":\"eicon-woocommerce\"}'><ul class='page-numbers'><li><a href='javascript:void(0);' id='post' class='page-numbers current' data-pnumber='1'>1<\/a><\/li><\/ul><\/nav>            <\/div>\n        <\/div>\n\n        <script type=\"text\/javascript\">\n            jQuery(document).ready(function($) {\n                var $scope = jQuery(\".elementor-element-a8b2942\");\n                var $products = $('.products', $scope);\n                var $layout_mode = $products.data('layout-mode');\n                \n                if ( $layout_mode === 'masonry' ) {\n                    \/\/ init isotope\n                    var $isotope_products = $products.isotope({\n                        itemSelector: \"li.product\",\n                        layoutMode: $layout_mode,\n                        percentPosition: true\n                    });\n\n                    $isotope_products.imagesLoaded().progress( function() {\n                        $isotope_products.isotope('layout');\n                    })\n                    \n                }\n            });\n        <\/script>\n        \t\t\t\t<\/div>\n\t\t\t\t<\/div>\n\t\t\t\t\t<\/div>\n\t\t\t\t<\/div>\n\t\t\t\t<\/div>\n\t\t","protected":false},"excerpt":{"rendered":"<p>Nuestros Productos Salsa x 12 Valorado con 0 de 5&#036;100.000 A\u00f1adir al carrito Salsa x6 Valorado con 0 de 5&#036;48.000 A\u00f1adir al carrito Salsa 1 unidad Valorado con 0 de 5&#036;8.500 A\u00f1adir al carrito 1<\/p>\n","protected":false},"author":1,"featured_media":0,"parent":0,"menu_order":0,"comment_status":"closed","ping_status":"closed","template":"","meta":{"_eb_attr":"","footnotes":""},"class_list":["post-590","page","type-page","status-publish","hentry"],"jetpack_sharing_enabled":true,"_links":{"self":[{"href":"https:\/\/lareal785.cl\/index.php\/wp-json\/wp\/v2\/pages\/590","targetHints":{"allow":["GET"]}}],"collection":[{"href":"https:\/\/lareal785.cl\/index.php\/wp-json\/wp\/v2\/pages"}],"about":[{"href":"https:\/\/lareal785.cl\/index.php\/wp-json\/wp\/v2\/types\/page"}],"author":[{"embeddable":true,"href":"https:\/\/lareal785.cl\/index.php\/wp-json\/wp\/v2\/users\/1"}],"replies":[{"embeddable":true,"href":"https:\/\/lareal785.cl\/index.php\/wp-json\/wp\/v2\/comments?post=590"}],"version-history":[{"count":7,"href":"https:\/\/lareal785.cl\/index.php\/wp-json\/wp\/v2\/pages\/590\/revisions"}],"predecessor-version":[{"id":597,"href":"https:\/\/lareal785.cl\/index.php\/wp-json\/wp\/v2\/pages\/590\/revisions\/597"}],"wp:attachment":[{"href":"https:\/\/lareal785.cl\/index.php\/wp-json\/wp\/v2\/media?parent=590"}],"curies":[{"name":"wp","href":"https:\/\/api.w.org\/{rel}","templated":true}]}}