{"id":541,"date":"2025-05-15T22:33:37","date_gmt":"2025-05-15T22:33:37","guid":{"rendered":"https:\/\/lareal785.cl\/?page_id=541"},"modified":"2025-05-15T23:47:16","modified_gmt":"2025-05-15T23:47:16","slug":"actividades","status":"publish","type":"page","link":"https:\/\/lareal785.cl\/index.php\/actividades\/","title":{"rendered":"Actividades"},"content":{"rendered":"\t\t<div data-elementor-type=\"wp-page\" data-elementor-id=\"541\" class=\"elementor elementor-541\">\n\t\t\t\t<div class=\"elementor-element elementor-element-0247e0e e-flex e-con-boxed e-con e-parent\" data-id=\"0247e0e\" data-element_type=\"container\">\n\t\t\t\t\t<div class=\"e-con-inner\">\n\t\t\t\t<div class=\"elementor-element elementor-element-352a9fe elementor-widget elementor-widget-writing-effect-headline\" data-id=\"352a9fe\" data-element_type=\"widget\" data-widget_type=\"writing-effect-headline.default\">\n\t\t\t\t<div class=\"elementor-widget-container\">\n\t\t\t\t\t        <h1 class=\"futurio-extra-written-headline\" data-speed=\"100\" data-delay=\"1000\" data-loop=\"0\">\r\n        \r\n                    <span class=\"written-lines\">Actividades<\/span>\r\n        \r\n                <\/h1>\r\n        \t\t\t\t<\/div>\n\t\t\t\t<\/div>\n\t\t\t\t\t<\/div>\n\t\t\t\t<\/div>\n\t\t<div class=\"elementor-element elementor-element-fec1348 e-flex e-con-boxed e-con e-parent\" data-id=\"fec1348\" data-element_type=\"container\">\n\t\t\t\t\t<div class=\"e-con-inner\">\n\t\t\t\t<div class=\"elementor-element elementor-element-a67a882 elementor-widget__width-inherit elementor-widget elementor-widget-futurio-extra-posts\" data-id=\"a67a882\" data-element_type=\"widget\" data-widget_type=\"futurio-extra-posts.default\">\n\t\t\t\t<div class=\"elementor-widget-container\">\n\t\t\t\t\t\n\t\t\t<div class=\"f-posts-shortcode\">\n\t\t\t\t<div class=\"latest-news-wrapper\">\n\t\t\t\t\t\t\t\t\t\t\t<article id=\"post-23\" class=\"news-item text-center col-md-4 post-23 post type-post status-publish format-standard has-post-thumbnail hentry category-actividades tag-tag1 tag-tag3 tag-tag5\">\n\t\t\t\t\t\t\t<div class=\"entry-thumb\">\n\t\t\t\t\t\t\t\t\t\t\t<div class=\"news-thumb \">\n\t\t\t\t<a href=\"https:\/\/lareal785.cl\/index.php\/2018\/10\/23\/donec-iaculis-gravida-nulla\/\" title=\"La real 785\">\n\t\t\t\t\t<img fetchpriority=\"high\" decoding=\"async\" width=\"720\" height=\"405\" src=\"https:\/\/lareal785.cl\/wp-content\/uploads\/2018\/10\/3-720x405.png\" class=\"attachment-futurio-storefront-med size-futurio-storefront-med wp-post-image\" alt=\"\" srcset=\"https:\/\/lareal785.cl\/wp-content\/uploads\/2018\/10\/3-720x405.png 720w, https:\/\/lareal785.cl\/wp-content\/uploads\/2018\/10\/3-300x169.png 300w, https:\/\/lareal785.cl\/wp-content\/uploads\/2018\/10\/3-1024x577.png 1024w, https:\/\/lareal785.cl\/wp-content\/uploads\/2018\/10\/3-768x433.png 768w, https:\/\/lareal785.cl\/wp-content\/uploads\/2018\/10\/3-1536x865.png 1536w, https:\/\/lareal785.cl\/wp-content\/uploads\/2018\/10\/3-1140x641.png 1140w, https:\/\/lareal785.cl\/wp-content\/uploads\/2018\/10\/3-1320x744.png 1320w, https:\/\/lareal785.cl\/wp-content\/uploads\/2018\/10\/3-600x338.png 600w, https:\/\/lareal785.cl\/wp-content\/uploads\/2018\/10\/3.png 1640w\" sizes=\"(max-width: 720px) 100vw, 720px\" \/>\t\t\t\t<\/a>\n\t\t\t<\/div><!-- .news-thumb -->\n\t\t\t\t\t\t\t\t\t<\/div>\t\t\t\t\t\t\n\t\t\t\t\t\t\t<h4 class=\"entry-title\"><a href=\"https:\/\/lareal785.cl\/index.php\/2018\/10\/23\/donec-iaculis-gravida-nulla\/\" rel=\"bookmark\">La real 785<\/a><\/h4>\t\t\t\t\t\t\t<div class=\"f-line\"><\/div>\n\t\t\t\t\t\t\t<div class=\"post-excerpt\">\n\t\t\t\t\t\t\t\tPensada para acompa\u00f1ar y elevar el sabor de cualquier receta de pastas e ideal para&hellip;\t\t\t\t\t\t\t<\/div>\n\t\t\t\t\t\t<\/article>\n\t\t\t\t\t\t\t\t\t\t\t<article id=\"post-20\" class=\"news-item text-center col-md-4 post-20 post type-post status-publish format-standard has-post-thumbnail hentry category-actividades category-recetas tag-tag2 tag-tag4 tag-tag5\">\n\t\t\t\t\t\t\t<div class=\"entry-thumb\">\n\t\t\t\t\t\t\t\t\t\t\t<div class=\"news-thumb \">\n\t\t\t\t<a href=\"https:\/\/lareal785.cl\/index.php\/2018\/10\/23\/etiam-bibendum-elit-eget-erat\/\" title=\"El ingrediente que transforma la salsa de tomate y la hace m\u00e1s saludable\">\n\t\t\t\t\t<img decoding=\"async\" width=\"720\" height=\"405\" src=\"https:\/\/lareal785.cl\/wp-content\/uploads\/2018\/10\/4-720x405.png\" class=\"attachment-futurio-storefront-med size-futurio-storefront-med wp-post-image\" alt=\"\" srcset=\"https:\/\/lareal785.cl\/wp-content\/uploads\/2018\/10\/4-720x405.png 720w, https:\/\/lareal785.cl\/wp-content\/uploads\/2018\/10\/4-300x169.png 300w, https:\/\/lareal785.cl\/wp-content\/uploads\/2018\/10\/4-1024x577.png 1024w, https:\/\/lareal785.cl\/wp-content\/uploads\/2018\/10\/4-768x433.png 768w, https:\/\/lareal785.cl\/wp-content\/uploads\/2018\/10\/4-1536x865.png 1536w, https:\/\/lareal785.cl\/wp-content\/uploads\/2018\/10\/4-1140x641.png 1140w, https:\/\/lareal785.cl\/wp-content\/uploads\/2018\/10\/4-1320x744.png 1320w, https:\/\/lareal785.cl\/wp-content\/uploads\/2018\/10\/4-600x338.png 600w, https:\/\/lareal785.cl\/wp-content\/uploads\/2018\/10\/4.png 1640w\" sizes=\"(max-width: 720px) 100vw, 720px\" \/>\t\t\t\t<\/a>\n\t\t\t<\/div><!-- .news-thumb -->\n\t\t\t\t\t\t\t\t\t<\/div>\t\t\t\t\t\t\n\t\t\t\t\t\t\t<h4 class=\"entry-title\"><a href=\"https:\/\/lareal785.cl\/index.php\/2018\/10\/23\/etiam-bibendum-elit-eget-erat\/\" rel=\"bookmark\">El ingrediente que transforma la salsa de tomate y la hace m\u00e1s saludable<\/a><\/h4>\t\t\t\t\t\t\t<div class=\"f-line\"><\/div>\n\t\t\t\t\t\t\t<div class=\"post-excerpt\">\n\t\t\t\t\t\t\t\tLa salsa de tomate es un ingrediente imprescindible en la gastronom\u00eda mundial, presente en una&hellip;\t\t\t\t\t\t\t<\/div>\n\t\t\t\t\t\t<\/article>\n\t\t\t\t\t\t\t\t\t\t\t<article id=\"post-18\" class=\"news-item text-center col-md-4 post-18 post type-post status-publish format-standard has-post-thumbnail hentry category-actividades\">\n\t\t\t\t\t\t\t<div class=\"entry-thumb\">\n\t\t\t\t\t\t\t\t\t\t\t<div class=\"news-thumb \">\n\t\t\t\t<a href=\"https:\/\/lareal785.cl\/index.php\/2018\/10\/23\/praesent-id-justo-in-neque-elementum-ultrices\/\" title=\"Deleita tu paladar: t\u00e9cnicas para que tu salsa de tomate casera quede como de restaurante\">\n\t\t\t\t\t<img decoding=\"async\" width=\"720\" height=\"405\" src=\"https:\/\/lareal785.cl\/wp-content\/uploads\/2018\/10\/6-720x405.png\" class=\"attachment-futurio-storefront-med size-futurio-storefront-med wp-post-image\" alt=\"\" srcset=\"https:\/\/lareal785.cl\/wp-content\/uploads\/2018\/10\/6-720x405.png 720w, https:\/\/lareal785.cl\/wp-content\/uploads\/2018\/10\/6-300x169.png 300w, https:\/\/lareal785.cl\/wp-content\/uploads\/2018\/10\/6-1024x577.png 1024w, https:\/\/lareal785.cl\/wp-content\/uploads\/2018\/10\/6-768x433.png 768w, https:\/\/lareal785.cl\/wp-content\/uploads\/2018\/10\/6-1536x865.png 1536w, https:\/\/lareal785.cl\/wp-content\/uploads\/2018\/10\/6-1140x641.png 1140w, https:\/\/lareal785.cl\/wp-content\/uploads\/2018\/10\/6-1320x744.png 1320w, https:\/\/lareal785.cl\/wp-content\/uploads\/2018\/10\/6-600x338.png 600w, https:\/\/lareal785.cl\/wp-content\/uploads\/2018\/10\/6.png 1640w\" sizes=\"(max-width: 720px) 100vw, 720px\" \/>\t\t\t\t<\/a>\n\t\t\t<\/div><!-- .news-thumb -->\n\t\t\t\t\t\t\t\t\t<\/div>\t\t\t\t\t\t\n\t\t\t\t\t\t\t<h4 class=\"entry-title\"><a href=\"https:\/\/lareal785.cl\/index.php\/2018\/10\/23\/praesent-id-justo-in-neque-elementum-ultrices\/\" rel=\"bookmark\">Deleita tu paladar: t\u00e9cnicas para que tu salsa de tomate casera quede como de restaurante<\/a><\/h4>\t\t\t\t\t\t\t<div class=\"f-line\"><\/div>\n\t\t\t\t\t\t\t<div class=\"post-excerpt\">\n\t\t\t\t\t\t\t\tCocinar una salsa de tomate en casa, puede ser una tarea sencilla. No obstante, si&hellip;\t\t\t\t\t\t\t<\/div>\n\t\t\t\t\t\t<\/article>\n\t\t\t\t\t\t\t\t\t<\/div>\n\t\t\t<\/div>\n\n\t\t\t\n\t\t\t\t\t\t<\/div>\n\t\t\t\t<\/div>\n\t\t\t\t\t<\/div>\n\t\t\t\t<\/div>\n\t\t\t\t<\/div>\n\t\t","protected":false},"excerpt":{"rendered":"<p>Actividades La real 785 Pensada para acompa\u00f1ar y elevar el sabor de cualquier receta de pastas e ideal para&hellip; El ingrediente que transforma la salsa de tomate y la hace m\u00e1s saludable La salsa de tomate es un ingrediente imprescindible en la gastronom\u00eda mundial, presente en una&hellip; Deleita tu paladar: t\u00e9cnicas para que tu salsa&hellip;<\/p>\n","protected":false},"author":1,"featured_media":0,"parent":0,"menu_order":0,"comment_status":"closed","ping_status":"closed","template":"","meta":{"_eb_attr":"","footnotes":""},"class_list":["post-541","page","type-page","status-publish","hentry"],"jetpack_sharing_enabled":true,"_links":{"self":[{"href":"https:\/\/lareal785.cl\/index.php\/wp-json\/wp\/v2\/pages\/541","targetHints":{"allow":["GET"]}}],"collection":[{"href":"https:\/\/lareal785.cl\/index.php\/wp-json\/wp\/v2\/pages"}],"about":[{"href":"https:\/\/lareal785.cl\/index.php\/wp-json\/wp\/v2\/types\/page"}],"author":[{"embeddable":true,"href":"https:\/\/lareal785.cl\/index.php\/wp-json\/wp\/v2\/users\/1"}],"replies":[{"embeddable":true,"href":"https:\/\/lareal785.cl\/index.php\/wp-json\/wp\/v2\/comments?post=541"}],"version-history":[{"count":16,"href":"https:\/\/lareal785.cl\/index.php\/wp-json\/wp\/v2\/pages\/541\/revisions"}],"predecessor-version":[{"id":584,"href":"https:\/\/lareal785.cl\/index.php\/wp-json\/wp\/v2\/pages\/541\/revisions\/584"}],"wp:attachment":[{"href":"https:\/\/lareal785.cl\/index.php\/wp-json\/wp\/v2\/media?parent=541"}],"curies":[{"name":"wp","href":"https:\/\/api.w.org\/{rel}","templated":true}]}}